{"id":67,"date":"2024-08-04T10:53:32","date_gmt":"2024-08-04T10:53:32","guid":{"rendered":"https:\/\/m18.lv\/parking-kuldiga\/?page_id=67"},"modified":"2024-08-04T11:01:55","modified_gmt":"2024-08-04T11:01:55","slug":"parking-prices-in-kuldiga","status":"publish","type":"page","link":"https:\/\/m18.lv\/parking-kuldiga\/parking-prices-in-kuldiga\/","title":{"rendered":"Parking prices in Kuldiga"},"content":{"rendered":"\t\t<div data-elementor-type=\"wp-page\" data-elementor-id=\"67\" class=\"elementor elementor-67\">\n\t\t\t\t<div class=\"elementor-element elementor-element-a7bd1ee e-grid e-con-boxed e-con e-parent\" data-id=\"a7bd1ee\" data-element_type=\"container\">\n\t\t\t\t\t<div class=\"e-con-inner\">\n\t\t\t\t<div class=\"elementor-element elementor-element-a586602 elementor-widget elementor-widget-html\" data-id=\"a586602\" data-element_type=\"widget\" data-widget_type=\"html.default\">\n\t\t\t\t<div class=\"elementor-widget-container\">\n\t\t\t<div class=\"payhip-embed-page\" data-key=\"D9PtC\">...<\/div><script type=\"text\/javascript\" src=\"https:\/\/payhip.com\/embed-page.js?v=24u68984\"><\/script>\t\t<\/div>\n\t\t\t\t<\/div>\n\t\t\t\t<div class=\"elementor-element elementor-element-d04197a elementor-widget elementor-widget-html\" data-id=\"d04197a\" data-element_type=\"widget\" data-widget_type=\"html.default\">\n\t\t\t\t<div class=\"elementor-widget-container\">\n\t\t\t<div class=\"payhip-embed-page\" data-key=\"ScDOW\">...<\/div><script type=\"text\/javascript\" src=\"https:\/\/payhip.com\/embed-page.js?v=24u68984\"><\/script>\t\t<\/div>\n\t\t\t\t<\/div>\n\t\t\t\t<div class=\"elementor-element elementor-element-41c0e66 elementor-widget elementor-widget-html\" data-id=\"41c0e66\" data-element_type=\"widget\" data-widget_type=\"html.default\">\n\t\t\t\t<div class=\"elementor-widget-container\">\n\t\t\t<div class=\"payhip-embed-page\" data-key=\"0kNPH\">...<\/div><script type=\"text\/javascript\" src=\"https:\/\/payhip.com\/embed-page.js?v=24u68984\"><\/script>\t\t<\/div>\n\t\t\t\t<\/div>\n\t\t\t\t\t<\/div>\n\t\t\t\t<\/div>\n\t\t<div class=\"elementor-element elementor-element-d2a757b e-grid e-con-boxed e-con e-parent\" data-id=\"d2a757b\" data-element_type=\"container\">\n\t\t\t\t\t<div class=\"e-con-inner\">\n\t\t\t\t<div class=\"elementor-element elementor-element-83e3c43 elementor-widget elementor-widget-html\" data-id=\"83e3c43\" data-element_type=\"widget\" data-widget_type=\"html.default\">\n\t\t\t\t<div class=\"elementor-widget-container\">\n\t\t\t<div class=\"payhip-embed-page\" data-key=\"G0dhx\">...<\/div><script type=\"text\/javascript\" src=\"https:\/\/payhip.com\/embed-page.js?v=24u68984\"><\/script>\t\t<\/div>\n\t\t\t\t<\/div>\n\t\t\t\t<div class=\"elementor-element elementor-element-ae8929f elementor-widget elementor-widget-html\" data-id=\"ae8929f\" data-element_type=\"widget\" data-widget_type=\"html.default\">\n\t\t\t\t<div class=\"elementor-widget-container\">\n\t\t\t<div class=\"payhip-embed-page\" data-key=\"71nVk\">...<\/div><script type=\"text\/javascript\" src=\"https:\/\/payhip.com\/embed-page.js?v=24u68984\"><\/script>\t\t<\/div>\n\t\t\t\t<\/div>\n\t\t\t\t\t<\/div>\n\t\t\t\t<\/div>\n\t\t<div class=\"elementor-element elementor-element-b10d958 e-flex e-con-boxed e-con e-parent\" data-id=\"b10d958\" data-element_type=\"container\">\n\t\t\t\t\t<div class=\"e-con-inner\">\n\t\t\t\t<div class=\"elementor-element elementor-element-53e1787 elementor-widget elementor-widget-text-editor\" data-id=\"53e1787\" data-element_type=\"widget\" data-widget_type=\"text-editor.default\">\n\t\t\t\t<div class=\"elementor-widget-container\">\n\t\t\t<style>\/*! elementor - v3.23.0 - 25-07-2024 *\/\n.elementor-widget-text-editor.elementor-drop-cap-view-stacked .elementor-drop-cap{background-color:#69727d;color:#fff}.elementor-widget-text-editor.elementor-drop-cap-view-framed .elementor-drop-cap{color:#69727d;border:3px solid;background-color:transparent}.elementor-widget-text-editor:not(.elementor-drop-cap-view-default) .elementor-drop-cap{margin-top:8px}.elementor-widget-text-editor:not(.elementor-drop-cap-view-default) .elementor-drop-cap-letter{width:1em;height:1em}.elementor-widget-text-editor .elementor-drop-cap{float:left;text-align:center;line-height:1;font-size:50px}.elementor-widget-text-editor .elementor-drop-cap-letter{display:inline-block}<\/style>\t\t\t\t<h6>Suchen Sie einen leeren Parkplatz in Kuldiga<\/h6><p>Stellen Sie Ihr Fahrzeug zun\u00e4chst neben den Bordstein in eine Parkl\u00fccke. Stellen Sie einen Pylon 3 Fu\u00df vor und 3 Fu\u00df dahinter auf. Sobald Sie in Ihrem Fahrzeug sitzen, fahren Sie vorsichtig vom Bordstein und den Pylonen weg.<\/p><h6>\u00dcberpr\u00fcfen Sie Ihre Spiegel, wenn Sie in Kuldiga sind<\/h6><p>\u00dcberpr\u00fcfen Sie Ihre rechten und linken Seitenspiegel sowie den R\u00fcckspiegel auf Verkehr. Stellen Sie sicher, dass sich keine Fahrzeuge in Ihrem toten Winkel befinden, bevor Sie den R\u00fcckw\u00e4rtsgang einlegen.<\/p><h6>In Kuldiga m\u00fcssen Sie den Vordersitz Ihres Autos mit dem vorderen Pylon ausrichten<\/h6><p>Drehen Sie Ihr Lenkrad mit festem Druck in Richtung Bordstein. Schalten Sie in den R\u00fcckw\u00e4rtsgang und fahren Sie langsam r\u00fcckw\u00e4rts, wobei Sie sicherstellen m\u00fcssen, dass der Bereich hinter Ihnen frei ist. Fahren Sie weiter r\u00fcckw\u00e4rts, bis genug Platz ist, um Ihr Auto zwischen die Pylonen zu bringen.<\/p><h6>Achten Sie beim Parken Ihres Autos in Kuldiga auf die Bremse<\/h6><p>Bet\u00e4tigen Sie beim R\u00fcckw\u00e4rtsfahren die Bremsen und drehen Sie das Lenkrad vom Bordstein weg. \u00dcberpr\u00fcfen Sie Ihre Spiegel und den Platz vor Ihnen, um die Pylonen richtig zu umfahren. Wenn Sie sich in der N\u00e4he des hinteren Kegels befinden, positionieren Sie Ihr Auto richtig. Schalten Sie in den Fahrmodus, l\u00f6sen Sie die Bremse allm\u00e4hlich und beschleunigen Sie, um Ihr Fahrzeug zwischen den Kegeln zu platzieren.<\/p><h6>Einparkverfahren in Kuldiga \u00fcben<\/h6><p>Wiederholen Sie den Vorgang, bis Sie sich beim parallelen Einparken sicher f\u00fchlen. Sobald Sie es mit Kegeln beherrschen, k\u00f6nnen Sie reale Szenarien in echten Parkl\u00fccken ausprobieren. Weitere Fahrtipps finden Sie auf der Website der Drive Rite Academy oder in diesem Lehrvideo.<\/p>\t\t\t\t\t\t<\/div>\n\t\t\t\t<\/div>\n\t\t\t\t\t<\/div>\n\t\t\t\t<\/div>\n\t\t\t\t<\/div>\n\t\t","protected":false},"excerpt":{"rendered":"<p>&#8230; &#8230; &#8230; &#8230; &#8230; Suchen Sie einen leeren Parkplatz in Kuldiga Stellen Sie Ihr Fahrzeug zun\u00e4chst neben den Bordstein in eine Parkl\u00fccke. Stellen Sie einen Pylon 3 Fu\u00df vor und 3 Fu\u00df dahinter auf. Sobald Sie in Ihrem Fahrzeug sitzen, fahren Sie vorsichtig vom Bordstein und den Pylonen weg. \u00dcberpr\u00fcfen Sie Ihre Spiegel, wenn [&hellip;]<\/p>\n","protected":false},"author":1,"featured_media":0,"parent":0,"menu_order":0,"comment_status":"closed","ping_status":"closed","template":"elementor_canvas","meta":{"footnotes":""},"class_list":["post-67","page","type-page","status-publish","hentry"],"_links":{"self":[{"href":"https:\/\/m18.lv\/parking-kuldiga\/wp-json\/wp\/v2\/pages\/67","targetHints":{"allow":["GET"]}}],"collection":[{"href":"https:\/\/m18.lv\/parking-kuldiga\/wp-json\/wp\/v2\/pages"}],"about":[{"href":"https:\/\/m18.lv\/parking-kuldiga\/wp-json\/wp\/v2\/types\/page"}],"author":[{"embeddable":true,"href":"https:\/\/m18.lv\/parking-kuldiga\/wp-json\/wp\/v2\/users\/1"}],"replies":[{"embeddable":true,"href":"https:\/\/m18.lv\/parking-kuldiga\/wp-json\/wp\/v2\/comments?post=67"}],"version-history":[{"count":10,"href":"https:\/\/m18.lv\/parking-kuldiga\/wp-json\/wp\/v2\/pages\/67\/revisions"}],"predecessor-version":[{"id":79,"href":"https:\/\/m18.lv\/parking-kuldiga\/wp-json\/wp\/v2\/pages\/67\/revisions\/79"}],"wp:attachment":[{"href":"https:\/\/m18.lv\/parking-kuldiga\/wp-json\/wp\/v2\/media?parent=67"}],"curies":[{"name":"wp","href":"https:\/\/api.w.org\/{rel}","templated":true}]}}